{"id":14,"date":"2020-10-06T19:43:13","date_gmt":"2020-10-06T19:43:13","guid":{"rendered":"https:\/\/art.joes-atelier.ch\/?page_id=14"},"modified":"2023-07-22T17:23:40","modified_gmt":"2023-07-22T17:23:40","slug":"kontakt","status":"publish","type":"page","link":"https:\/\/www.joes-atelier.ch\/?page_id=14","title":{"rendered":"Kontakt"},"content":{"rendered":"\n<p class=\"has-text-align-center\">Joe&#8217;s Atelier = joes-atelier.ch, Via Pontif, 6622 Ronco s. A. \/ 079 402 91 01 <a rel=\"noreferrer noopener\" href=\"mailto:info@joes-atelier.ch\" target=\"_blank\">info@joes-atelier.ch<\/a><\/p>\n\n\n\n<p class=\"has-text-align-center\">Ich freue \u00fcber alle Reaktionen, Hinweise und Anfragen. <\/p>\n\n\n\n<p class=\"has-text-align-center\">Schon jetzt sage ich danke f\u00fcrs Schreiben. Besuche in meinen Tessiner Ateliers mit Voranmeldung m\u00f6glich:  <strong>Bl\u00fctenatelier<\/strong> <a rel=\"noreferrer noopener\" href=\"http:\/\/blog.joes-atelier.ch\" target=\"_blank\">http:\/\/blog.joes-atelier.ch\/<\/a> &#8212; <strong>Kunstatelier<\/strong> <a rel=\"noreferrer noopener\" href=\"https:\/\/www.joes-atelier.ch\/\" target=\"_blank\">https:\/\/www.joes-atelier.ch\/<\/a> &#8212;  das <strong>Gartenatelier D\u00fcfte &amp; Land Art <\/strong><\/p>\n\n\n\n<p>Die Fotos der gezeigten Bilder k\u00f6nnen vom Original abweichen.  2 x klicken vergr\u00f6ssert das gew\u00e4hlte Bild.      Mit dem Erl\u00f6s der verkauften Kunstwerke wird auch ein Charity-Projekt unterst\u00fctzt.   Le foto degli immagini possono differire dall\u2019originale. Il ricavato sar\u00e0 utilizzato anche per sostenere un progetto di beneficenza. <\/p>\n\n\n\n<p class=\"has-text-align-center\">Joe&#8217;s Atelier Bilder &amp; Beitr\u00e4ge: <strong>Copyright \u00a9 2023 <\/strong>&#8211; Joe Th\u00fcring <\/p>\n\n\n<div class=\"wp-block-image\">\n<figure class=\"aligncenter size-full is-resized\"><img loading=\"lazy\" decoding=\"async\" src=\"https:\/\/www.joes-atelier.ch\/wp-content\/uploads\/2023\/07\/IMG_0314.jpg\" alt=\"\" class=\"wp-image-1046\" width=\"230\" height=\"352\" srcset=\"https:\/\/www.joes-atelier.ch\/wp-content\/uploads\/2023\/07\/IMG_0314.jpg 430w, https:\/\/www.joes-atelier.ch\/wp-content\/uploads\/2023\/07\/IMG_0314-196x300.jpg 196w\" sizes=\"auto, (max-width: 230px) 100vw, 230px\" \/><\/figure>\n<\/div>\n\n<div class=\"wp-block-image\">\n<figure class=\"aligncenter size-full\"><img loading=\"lazy\" decoding=\"async\" width=\"512\" height=\"512\" src=\"https:\/\/www.joes-atelier.ch\/wp-content\/uploads\/2020\/10\/cropped-Colore-di-Ronco-Quadri-2020.jpg\" alt=\"\" class=\"wp-image-533\" srcset=\"https:\/\/www.joes-atelier.ch\/wp-content\/uploads\/2020\/10\/cropped-Colore-di-Ronco-Quadri-2020.jpg 512w, https:\/\/www.joes-atelier.ch\/wp-content\/uploads\/2020\/10\/cropped-Colore-di-Ronco-Quadri-2020-300x300.jpg 300w, https:\/\/www.joes-atelier.ch\/wp-content\/uploads\/2020\/10\/cropped-Colore-di-Ronco-Quadri-2020-150x150.jpg 150w, https:\/\/www.joes-atelier.ch\/wp-content\/uploads\/2020\/10\/cropped-Colore-di-Ronco-Quadri-2020-270x270.jpg 270w, https:\/\/www.joes-atelier.ch\/wp-content\/uploads\/2020\/10\/cropped-Colore-di-Ronco-Quadri-2020-192x192.jpg 192w, https:\/\/www.joes-atelier.ch\/wp-content\/uploads\/2020\/10\/cropped-Colore-di-Ronco-Quadri-2020-180x180.jpg 180w, https:\/\/www.joes-atelier.ch\/wp-content\/uploads\/2020\/10\/cropped-Colore-di-Ronco-Quadri-2020-32x32.jpg 32w\" sizes=\"auto, (max-width: 512px) 100vw, 512px\" \/><\/figure>\n<\/div>","protected":false},"excerpt":{"rendered":"<p>Joe&#8217;s Atelier = joes-atelier.ch, Via Pontif, 6622 Ronco s. A. \/ 079 402 91 01 info@joes-atelier.ch Ich freue \u00fcber alle Reaktionen, Hinweise und Anfragen. Schon jetzt sage ich danke f\u00fcrs Schreiben. Besuche in meinen Tessiner Ateliers mit Voranmeldung m\u00f6glich: Bl\u00fctenatelier&#8230; <a href=\"https:\/\/www.joes-atelier.ch\/?page_id=14\" class=\"read-more\">Read More<\/a><\/p>\n","protected":false},"author":1,"featured_media":0,"parent":0,"menu_order":0,"comment_status":"closed","ping_status":"closed","template":"","meta":{"footnotes":""},"class_list":["post-14","page","type-page","status-publish","hentry"],"_links":{"self":[{"href":"https:\/\/www.joes-atelier.ch\/index.php?rest_route=\/wp\/v2\/pages\/14","targetHints":{"allow":["GET"]}}],"collection":[{"href":"https:\/\/www.joes-atelier.ch\/index.php?rest_route=\/wp\/v2\/pages"}],"about":[{"href":"https:\/\/www.joes-atelier.ch\/index.php?rest_route=\/wp\/v2\/types\/page"}],"author":[{"embeddable":true,"href":"https:\/\/www.joes-atelier.ch\/index.php?rest_route=\/wp\/v2\/users\/1"}],"replies":[{"embeddable":true,"href":"https:\/\/www.joes-atelier.ch\/index.php?rest_route=%2Fwp%2Fv2%2Fcomments&post=14"}],"version-history":[{"count":22,"href":"https:\/\/www.joes-atelier.ch\/index.php?rest_route=\/wp\/v2\/pages\/14\/revisions"}],"predecessor-version":[{"id":1062,"href":"https:\/\/www.joes-atelier.ch\/index.php?rest_route=\/wp\/v2\/pages\/14\/revisions\/1062"}],"wp:attachment":[{"href":"https:\/\/www.joes-atelier.ch\/index.php?rest_route=%2Fwp%2Fv2%2Fmedia&parent=14"}],"curies":[{"name":"wp","href":"https:\/\/api.w.org\/{rel}","templated":true}]}}