{"id":1903,"date":"2025-02-23T18:48:27","date_gmt":"2025-02-23T18:48:27","guid":{"rendered":"https:\/\/www.joes-atelier.ch\/?page_id=1903"},"modified":"2025-11-05T16:06:24","modified_gmt":"2025-11-05T16:06:24","slug":"come-sempre-con-i-miei-pigmenti-meinen-eigenen-pigmenten","status":"publish","type":"page","link":"https:\/\/www.joes-atelier.ch\/?page_id=1903","title":{"rendered":"Art 2025 CREATIVI (Figure &#8211; neue Figuren)"},"content":{"rendered":"\n<p><\/p>\n\n\n\n<p class=\"has-text-align-center has-normal-font-size\"><strong>Wir sind die Creativi &#8211; Figuren. Auch wir sind aus reinen Naturpigmenten gemalt. <br>Noi siamo i personaggi Creativi. Siamo realizzati anche con pigmenti naturali puri. <br>Wir sind erst im 2025 entstanden und freuen uns sehr hier gezeigt zu werden.<\/strong><\/p>\n\n\n<div class=\"wp-block-image\">\n<figure class=\"aligncenter size-large is-resized\"><img loading=\"lazy\" decoding=\"async\" width=\"1024\" height=\"821\" src=\"https:\/\/www.joes-atelier.ch\/wp-content\/uploads\/2025\/11\/2025-C-11-Greige-Spezial-Spotlight-1024x821.jpg\" alt=\"\" class=\"wp-image-2133\" style=\"width:588px;height:auto\" srcset=\"https:\/\/www.joes-atelier.ch\/wp-content\/uploads\/2025\/11\/2025-C-11-Greige-Spezial-Spotlight-1024x821.jpg 1024w, https:\/\/www.joes-atelier.ch\/wp-content\/uploads\/2025\/11\/2025-C-11-Greige-Spezial-Spotlight-300x241.jpg 300w, https:\/\/www.joes-atelier.ch\/wp-content\/uploads\/2025\/11\/2025-C-11-Greige-Spezial-Spotlight-768x616.jpg 768w, https:\/\/www.joes-atelier.ch\/wp-content\/uploads\/2025\/11\/2025-C-11-Greige-Spezial-Spotlight-1536x1232.jpg 1536w, https:\/\/www.joes-atelier.ch\/wp-content\/uploads\/2025\/11\/2025-C-11-Greige-Spezial-Spotlight-2048x1643.jpg 2048w\" sizes=\"auto, (max-width: 1024px) 100vw, 1024px\" \/><figcaption class=\"wp-element-caption\"><strong>C11 Greige GA Spotlight 32 x 32 cm <\/strong>Fr. 390.&#8211; <\/figcaption><\/figure>\n<\/div>\n\n<div class=\"wp-block-image\">\n<figure class=\"aligncenter size-large is-resized\"><img loading=\"lazy\" decoding=\"async\" width=\"1024\" height=\"1024\" src=\"https:\/\/www.joes-atelier.ch\/wp-content\/uploads\/2025\/07\/2025-C12-Creativi-40-x-40-Arcore-2-1024x1024.jpg\" alt=\"\" class=\"wp-image-2077\" style=\"width:444px;height:auto\" srcset=\"https:\/\/www.joes-atelier.ch\/wp-content\/uploads\/2025\/07\/2025-C12-Creativi-40-x-40-Arcore-2-1024x1024.jpg 1024w, https:\/\/www.joes-atelier.ch\/wp-content\/uploads\/2025\/07\/2025-C12-Creativi-40-x-40-Arcore-2-300x300.jpg 300w, https:\/\/www.joes-atelier.ch\/wp-content\/uploads\/2025\/07\/2025-C12-Creativi-40-x-40-Arcore-2-150x150.jpg 150w, https:\/\/www.joes-atelier.ch\/wp-content\/uploads\/2025\/07\/2025-C12-Creativi-40-x-40-Arcore-2-768x769.jpg 768w, https:\/\/www.joes-atelier.ch\/wp-content\/uploads\/2025\/07\/2025-C12-Creativi-40-x-40-Arcore-2-1536x1536.jpg 1536w, https:\/\/www.joes-atelier.ch\/wp-content\/uploads\/2025\/07\/2025-C12-Creativi-40-x-40-Arcore-2-2046x2048.jpg 2046w\" sizes=\"auto, (max-width: 1024px) 100vw, 1024px\" \/><figcaption class=\"wp-element-caption\"><strong>C12 Creativi &#8222;Ne appare uno &#8220; 40 x 40 cm Fr. 500.&#8211; <\/strong><\/figcaption><\/figure>\n<\/div>\n\n<div class=\"wp-block-image\">\n<figure class=\"aligncenter size-large is-resized\"><img loading=\"lazy\" decoding=\"async\" width=\"1011\" height=\"1024\" src=\"https:\/\/www.joes-atelier.ch\/wp-content\/uploads\/2025\/07\/2025-Creativi-10-BIBO-3-1011x1024.jpeg\" alt=\"\" class=\"wp-image-2061\" style=\"width:529px;height:auto\" srcset=\"https:\/\/www.joes-atelier.ch\/wp-content\/uploads\/2025\/07\/2025-Creativi-10-BIBO-3-1011x1024.jpeg 1011w, https:\/\/www.joes-atelier.ch\/wp-content\/uploads\/2025\/07\/2025-Creativi-10-BIBO-3-296x300.jpeg 296w, https:\/\/www.joes-atelier.ch\/wp-content\/uploads\/2025\/07\/2025-Creativi-10-BIBO-3-768x778.jpeg 768w, https:\/\/www.joes-atelier.ch\/wp-content\/uploads\/2025\/07\/2025-Creativi-10-BIBO-3-1516x1536.jpeg 1516w, https:\/\/www.joes-atelier.ch\/wp-content\/uploads\/2025\/07\/2025-Creativi-10-BIBO-3-2021x2048.jpeg 2021w\" sizes=\"auto, (max-width: 1011px) 100vw, 1011px\" \/><figcaption class=\"wp-element-caption\"><strong>C10 Creativi Amore protetto &#8211; Besch\u00fctzte Liebe 30 x 30 cm Fr. 500.&#8211;<\/strong><\/figcaption><\/figure>\n<\/div>\n\n<div class=\"wp-block-image\">\n<figure class=\"aligncenter size-large is-resized\"><img loading=\"lazy\" decoding=\"async\" width=\"1024\" height=\"833\" src=\"https:\/\/www.joes-atelier.ch\/wp-content\/uploads\/2025\/06\/2025-C9-Creativi-Reise--1024x833.jpg\" alt=\"\" class=\"wp-image-2048\" style=\"width:568px;height:auto\" srcset=\"https:\/\/www.joes-atelier.ch\/wp-content\/uploads\/2025\/06\/2025-C9-Creativi-Reise--1024x833.jpg 1024w, https:\/\/www.joes-atelier.ch\/wp-content\/uploads\/2025\/06\/2025-C9-Creativi-Reise--300x244.jpg 300w, https:\/\/www.joes-atelier.ch\/wp-content\/uploads\/2025\/06\/2025-C9-Creativi-Reise--768x625.jpg 768w, https:\/\/www.joes-atelier.ch\/wp-content\/uploads\/2025\/06\/2025-C9-Creativi-Reise--1536x1250.jpg 1536w, https:\/\/www.joes-atelier.ch\/wp-content\/uploads\/2025\/06\/2025-C9-Creativi-Reise--2048x1666.jpg 2048w\" sizes=\"auto, (max-width: 1024px) 100vw, 1024px\" \/><figcaption class=\"wp-element-caption\"><strong>C9 Creativi Reise 24 x 30 cm <\/strong><\/figcaption><\/figure>\n<\/div>\n\n<div class=\"wp-block-image\">\n<figure class=\"aligncenter size-large is-resized\"><img loading=\"lazy\" decoding=\"async\" width=\"1024\" height=\"833\" src=\"https:\/\/www.joes-atelier.ch\/wp-content\/uploads\/2025\/04\/2025-Creativi-9-Amore--1024x833.jpg\" alt=\"\" class=\"wp-image-2017\" style=\"width:568px;height:auto\" srcset=\"https:\/\/www.joes-atelier.ch\/wp-content\/uploads\/2025\/04\/2025-Creativi-9-Amore--1024x833.jpg 1024w, https:\/\/www.joes-atelier.ch\/wp-content\/uploads\/2025\/04\/2025-Creativi-9-Amore--300x244.jpg 300w, https:\/\/www.joes-atelier.ch\/wp-content\/uploads\/2025\/04\/2025-Creativi-9-Amore--768x625.jpg 768w, https:\/\/www.joes-atelier.ch\/wp-content\/uploads\/2025\/04\/2025-Creativi-9-Amore--1536x1250.jpg 1536w, https:\/\/www.joes-atelier.ch\/wp-content\/uploads\/2025\/04\/2025-Creativi-9-Amore--2048x1667.jpg 2048w\" sizes=\"auto, (max-width: 1024px) 100vw, 1024px\" \/><figcaption class=\"wp-element-caption\"><strong>C8 Creativi Amore 24 x 30 cm (v)<\/strong><\/figcaption><\/figure>\n<\/div>\n\n<div class=\"wp-block-image\">\n<figure class=\"aligncenter size-large is-resized\"><img loading=\"lazy\" decoding=\"async\" width=\"1024\" height=\"831\" src=\"https:\/\/www.joes-atelier.ch\/wp-content\/uploads\/2025\/03\/2025-Creativi-7--1024x831.jpg\" alt=\"\" class=\"wp-image-1984\" style=\"width:574px;height:auto\" srcset=\"https:\/\/www.joes-atelier.ch\/wp-content\/uploads\/2025\/03\/2025-Creativi-7--1024x831.jpg 1024w, https:\/\/www.joes-atelier.ch\/wp-content\/uploads\/2025\/03\/2025-Creativi-7--300x243.jpg 300w, https:\/\/www.joes-atelier.ch\/wp-content\/uploads\/2025\/03\/2025-Creativi-7--768x623.jpg 768w, https:\/\/www.joes-atelier.ch\/wp-content\/uploads\/2025\/03\/2025-Creativi-7--1536x1247.jpg 1536w, https:\/\/www.joes-atelier.ch\/wp-content\/uploads\/2025\/03\/2025-Creativi-7--2048x1662.jpg 2048w\" sizes=\"auto, (max-width: 1024px) 100vw, 1024px\" \/><figcaption class=\"wp-element-caption\"><strong>C7 Creativi Team \/ Squadra 24 x 30 cm Fr. 350.&#8211;<\/strong><\/figcaption><\/figure>\n<\/div>\n\n<div class=\"wp-block-image\">\n<figure class=\"aligncenter size-large is-resized\"><img loading=\"lazy\" decoding=\"async\" width=\"1024\" height=\"830\" src=\"https:\/\/www.joes-atelier.ch\/wp-content\/uploads\/2025\/02\/2025-Creativi-6-S-Rahmen-1024x830.jpg\" alt=\"\" class=\"wp-image-1914\" style=\"width:598px;height:auto\" srcset=\"https:\/\/www.joes-atelier.ch\/wp-content\/uploads\/2025\/02\/2025-Creativi-6-S-Rahmen-1024x830.jpg 1024w, https:\/\/www.joes-atelier.ch\/wp-content\/uploads\/2025\/02\/2025-Creativi-6-S-Rahmen-300x243.jpg 300w, https:\/\/www.joes-atelier.ch\/wp-content\/uploads\/2025\/02\/2025-Creativi-6-S-Rahmen-768x622.jpg 768w, https:\/\/www.joes-atelier.ch\/wp-content\/uploads\/2025\/02\/2025-Creativi-6-S-Rahmen-1536x1245.jpg 1536w, https:\/\/www.joes-atelier.ch\/wp-content\/uploads\/2025\/02\/2025-Creativi-6-S-Rahmen-2048x1659.jpg 2048w\" sizes=\"auto, (max-width: 1024px) 100vw, 1024px\" \/><figcaption class=\"wp-element-caption\"><strong>C6 Creativi  Wir drei! \/ Noi tre! 24 x 30 cm &#8211; Rahmen schwarz oder weiss Fr. 450.&#8211; <\/strong><br><br><em>Die Fotoqualit\u00e4t entspricht oft nicht dem wirklichen Bild. Live ist immer besser.<br>Spesso la qualit\u00e0 della foto non rispecchia l&#8217;immagine reale. Dal vivo \u00e8 sempre meglio.<\/em><\/figcaption><\/figure>\n<\/div>\n\n<div class=\"wp-block-image\">\n<figure class=\"aligncenter size-large is-resized\"><img loading=\"lazy\" decoding=\"async\" width=\"1024\" height=\"833\" src=\"https:\/\/www.joes-atelier.ch\/wp-content\/uploads\/2025\/02\/2025-Creativi-5-S-Rahmen--1024x833.jpg\" alt=\"\" class=\"wp-image-1912\" style=\"width:599px;height:auto\" srcset=\"https:\/\/www.joes-atelier.ch\/wp-content\/uploads\/2025\/02\/2025-Creativi-5-S-Rahmen--1024x833.jpg 1024w, https:\/\/www.joes-atelier.ch\/wp-content\/uploads\/2025\/02\/2025-Creativi-5-S-Rahmen--300x244.jpg 300w, https:\/\/www.joes-atelier.ch\/wp-content\/uploads\/2025\/02\/2025-Creativi-5-S-Rahmen--768x625.jpg 768w, https:\/\/www.joes-atelier.ch\/wp-content\/uploads\/2025\/02\/2025-Creativi-5-S-Rahmen--1536x1250.jpg 1536w, https:\/\/www.joes-atelier.ch\/wp-content\/uploads\/2025\/02\/2025-Creativi-5-S-Rahmen--2048x1667.jpg 2048w\" sizes=\"auto, (max-width: 1024px) 100vw, 1024px\" \/><figcaption class=\"wp-element-caption\"><strong>C5 Creativi Freunde \/ Gli amici 24 x 30 cm (v)<\/strong><\/figcaption><\/figure>\n<\/div>\n\n<div class=\"wp-block-image\">\n<figure class=\"aligncenter size-large is-resized\"><img loading=\"lazy\" decoding=\"async\" width=\"1024\" height=\"825\" src=\"https:\/\/www.joes-atelier.ch\/wp-content\/uploads\/2025\/03\/2025-Creativi-4-Cristal-S-Rahmen-2-1024x825.jpg\" alt=\"\" class=\"wp-image-1935\" style=\"width:596px;height:auto\" srcset=\"https:\/\/www.joes-atelier.ch\/wp-content\/uploads\/2025\/03\/2025-Creativi-4-Cristal-S-Rahmen-2-1024x825.jpg 1024w, https:\/\/www.joes-atelier.ch\/wp-content\/uploads\/2025\/03\/2025-Creativi-4-Cristal-S-Rahmen-2-300x242.jpg 300w, https:\/\/www.joes-atelier.ch\/wp-content\/uploads\/2025\/03\/2025-Creativi-4-Cristal-S-Rahmen-2-768x619.jpg 768w, https:\/\/www.joes-atelier.ch\/wp-content\/uploads\/2025\/03\/2025-Creativi-4-Cristal-S-Rahmen-2-1536x1237.jpg 1536w, https:\/\/www.joes-atelier.ch\/wp-content\/uploads\/2025\/03\/2025-Creativi-4-Cristal-S-Rahmen-2-2048x1649.jpg 2048w\" sizes=\"auto, (max-width: 1024px) 100vw, 1024px\" \/><figcaption class=\"wp-element-caption\"><strong>C4 Creativi Entdecker \/ Gli esploratori 24 x 30 cm Fr. 290.00<\/strong><\/figcaption><\/figure>\n<\/div>\n\n<div class=\"wp-block-image\">\n<figure class=\"aligncenter size-large is-resized\"><img loading=\"lazy\" decoding=\"async\" width=\"1024\" height=\"998\" src=\"https:\/\/www.joes-atelier.ch\/wp-content\/uploads\/2025\/02\/2025-CREAtivo-3-Turbie-Stone-1024x998.jpg\" alt=\"\" class=\"wp-image-1916\" style=\"width:453px;height:auto\" srcset=\"https:\/\/www.joes-atelier.ch\/wp-content\/uploads\/2025\/02\/2025-CREAtivo-3-Turbie-Stone-1024x998.jpg 1024w, https:\/\/www.joes-atelier.ch\/wp-content\/uploads\/2025\/02\/2025-CREAtivo-3-Turbie-Stone-300x293.jpg 300w, https:\/\/www.joes-atelier.ch\/wp-content\/uploads\/2025\/02\/2025-CREAtivo-3-Turbie-Stone-768x749.jpg 768w, https:\/\/www.joes-atelier.ch\/wp-content\/uploads\/2025\/02\/2025-CREAtivo-3-Turbie-Stone-1536x1498.jpg 1536w, https:\/\/www.joes-atelier.ch\/wp-content\/uploads\/2025\/02\/2025-CREAtivo-3-Turbie-Stone-2048x1997.jpg 2048w\" sizes=\"auto, (max-width: 1024px) 100vw, 1024px\" \/><figcaption class=\"wp-element-caption\"><strong>C3 Creativi Freunde \/ Gli amici  Kupfersteine \/ Pietre di rame 20 x 20 cm &#8211;  Fr. 200.&#8211; <\/strong><\/figcaption><\/figure>\n<\/div>\n\n<div class=\"wp-block-image\">\n<figure class=\"aligncenter size-large is-resized\"><img loading=\"lazy\" decoding=\"async\" width=\"951\" height=\"1024\" src=\"https:\/\/www.joes-atelier.ch\/wp-content\/uploads\/2025\/02\/2025-Creativi-3-Turbie-Stone-Frame-951x1024.jpg\" alt=\"\" class=\"wp-image-1908\" style=\"width:357px;height:auto\" srcset=\"https:\/\/www.joes-atelier.ch\/wp-content\/uploads\/2025\/02\/2025-Creativi-3-Turbie-Stone-Frame-951x1024.jpg 951w, https:\/\/www.joes-atelier.ch\/wp-content\/uploads\/2025\/02\/2025-Creativi-3-Turbie-Stone-Frame-279x300.jpg 279w, https:\/\/www.joes-atelier.ch\/wp-content\/uploads\/2025\/02\/2025-Creativi-3-Turbie-Stone-Frame-768x827.jpg 768w, https:\/\/www.joes-atelier.ch\/wp-content\/uploads\/2025\/02\/2025-Creativi-3-Turbie-Stone-Frame-1426x1536.jpg 1426w, https:\/\/www.joes-atelier.ch\/wp-content\/uploads\/2025\/02\/2025-Creativi-3-Turbie-Stone-Frame-1901x2048.jpg 1901w\" sizes=\"auto, (max-width: 951px) 100vw, 951px\" \/><\/figure>\n<\/div>\n\n<div class=\"wp-block-image\">\n<figure class=\"aligncenter size-large is-resized\"><img loading=\"lazy\" decoding=\"async\" width=\"1024\" height=\"1024\" src=\"https:\/\/www.joes-atelier.ch\/wp-content\/uploads\/2025\/02\/2025-258-Studie-1-1024x1024.jpg\" alt=\"\" class=\"wp-image-1898\" style=\"width:424px;height:auto\" srcset=\"https:\/\/www.joes-atelier.ch\/wp-content\/uploads\/2025\/02\/2025-258-Studie-1-1024x1024.jpg 1024w, https:\/\/www.joes-atelier.ch\/wp-content\/uploads\/2025\/02\/2025-258-Studie-1-300x300.jpg 300w, https:\/\/www.joes-atelier.ch\/wp-content\/uploads\/2025\/02\/2025-258-Studie-1-150x150.jpg 150w, https:\/\/www.joes-atelier.ch\/wp-content\/uploads\/2025\/02\/2025-258-Studie-1-768x769.jpg 768w, https:\/\/www.joes-atelier.ch\/wp-content\/uploads\/2025\/02\/2025-258-Studie-1-1534x1536.jpg 1534w, https:\/\/www.joes-atelier.ch\/wp-content\/uploads\/2025\/02\/2025-258-Studie-1-2046x2048.jpg 2046w\" sizes=\"auto, (max-width: 1024px) 100vw, 1024px\" \/><figcaption class=\"wp-element-caption\"><strong>C2 Familie Natura 23 x 23 cm (v)<\/strong><\/figcaption><\/figure>\n<\/div>\n\n<div class=\"wp-block-image\">\n<figure class=\"aligncenter size-large is-resized\"><img loading=\"lazy\" decoding=\"async\" width=\"1024\" height=\"1024\" src=\"https:\/\/www.joes-atelier.ch\/wp-content\/uploads\/2025\/01\/2025-258-Vertrauen--1024x1024.jpg\" alt=\"\" class=\"wp-image-1875\" style=\"width:420px;height:auto\" srcset=\"https:\/\/www.joes-atelier.ch\/wp-content\/uploads\/2025\/01\/2025-258-Vertrauen--1024x1024.jpg 1024w, https:\/\/www.joes-atelier.ch\/wp-content\/uploads\/2025\/01\/2025-258-Vertrauen--300x300.jpg 300w, https:\/\/www.joes-atelier.ch\/wp-content\/uploads\/2025\/01\/2025-258-Vertrauen--150x150.jpg 150w, https:\/\/www.joes-atelier.ch\/wp-content\/uploads\/2025\/01\/2025-258-Vertrauen--768x768.jpg 768w, https:\/\/www.joes-atelier.ch\/wp-content\/uploads\/2025\/01\/2025-258-Vertrauen--1536x1536.jpg 1536w, https:\/\/www.joes-atelier.ch\/wp-content\/uploads\/2025\/01\/2025-258-Vertrauen--2048x2048.jpg 2048w\" sizes=\"auto, (max-width: 1024px) 100vw, 1024px\" \/><figcaption class=\"wp-element-caption\"><strong>C1 Incontro dei amici 23 x 23 cm Fr 250.&#8211; <\/strong><\/figcaption><\/figure>\n<\/div>\n\n\n<p><\/p>\n","protected":false},"excerpt":{"rendered":"<p>Wir sind die Creativi &#8211; Figuren. Auch wir sind aus reinen Naturpigmenten gemalt. Noi siamo i personaggi Creativi. Siamo realizzati anche con pigmenti naturali puri. Wir sind erst im 2025 entstanden und freuen uns sehr hier gezeigt zu werden.<\/p>\n","protected":false},"author":1,"featured_media":0,"parent":0,"menu_order":0,"comment_status":"closed","ping_status":"closed","template":"","meta":{"footnotes":""},"class_list":["post-1903","page","type-page","status-publish","hentry"],"_links":{"self":[{"href":"https:\/\/www.joes-atelier.ch\/index.php?rest_route=\/wp\/v2\/pages\/1903","targetHints":{"allow":["GET"]}}],"collection":[{"href":"https:\/\/www.joes-atelier.ch\/index.php?rest_route=\/wp\/v2\/pages"}],"about":[{"href":"https:\/\/www.joes-atelier.ch\/index.php?rest_route=\/wp\/v2\/types\/page"}],"author":[{"embeddable":true,"href":"https:\/\/www.joes-atelier.ch\/index.php?rest_route=\/wp\/v2\/users\/1"}],"replies":[{"embeddable":true,"href":"https:\/\/www.joes-atelier.ch\/index.php?rest_route=%2Fwp%2Fv2%2Fcomments&post=1903"}],"version-history":[{"count":37,"href":"https:\/\/www.joes-atelier.ch\/index.php?rest_route=\/wp\/v2\/pages\/1903\/revisions"}],"predecessor-version":[{"id":2146,"href":"https:\/\/www.joes-atelier.ch\/index.php?rest_route=\/wp\/v2\/pages\/1903\/revisions\/2146"}],"wp:attachment":[{"href":"https:\/\/www.joes-atelier.ch\/index.php?rest_route=%2Fwp%2Fv2%2Fmedia&parent=1903"}],"curies":[{"name":"wp","href":"https:\/\/api.w.org\/{rel}","templated":true}]}}